{"id":12,"date":"2015-03-24T19:18:40","date_gmt":"2015-03-25T01:18:40","guid":{"rendered":"http:\/\/expreso.co.cr\/alicia\/?page_id=12"},"modified":"2025-03-20T05:42:01","modified_gmt":"2025-03-20T11:42:01","slug":"cuentos","status":"publish","type":"page","link":"https:\/\/expreso.co.cr\/alicia\/cuentos\/","title":{"rendered":"Cuentos"},"content":{"rendered":"<p><img loading=\"lazy\" decoding=\"async\" src=\"http:\/\/expreso.co.cr\/alicia\/wp-content\/uploads\/2015\/03\/cortina.gif\" alt=\"Alicia en el pa\u00eds de las maravillas\" width=\"208\" height=\"308\" class=\"aligncenter size-full wp-image-165\" \/><\/p>\n<p><strong>\u201c<em>Las dos Alicias no son libros para ni\u00f1os: son libros en los que nos convertimos en ni\u00f1os<\/em>\u201d <\/p>\n<p>Virginia Woolf<\/strong><\/p>\n<h3 align=\"center\"><b>Cuentos<\/b><\/h3>\n<audio class=\"wp-audio-shortcode\" id=\"audio-12-1\" preload=\"none\" style=\"width: 100%;\" controls=\"controls\"><source type=\"audio\/ogg\" src=\"https:\/\/expreso.co.cr\/alicia\/ogg\/k001.ogg?_=1\" \/><a href=\"https:\/\/expreso.co.cr\/alicia\/ogg\/k001.ogg\">https:\/\/expreso.co.cr\/alicia\/ogg\/k001.ogg<\/a><\/audio>\n&nbsp;<br \/>\n<div class=\"scbb-content-box scbb-rounded-corners scbb-content-box-gray\"><a href=\"http:\/\/expreso.co.cr\/alicia\/aventuras-de-alicia-en-el-pais-de-las-maravillas\/\"><img loading=\"lazy\" decoding=\"async\" src=\"http:\/\/expreso.co.cr\/alicia\/wp-content\/uploads\/2015\/03\/portada_a1m.jpg\" alt=\"Alicia en el Pa\u00eds de las Maravillas\" width=\"106\" height=\"150\" class=\"aligncenter size-full wp-image-199\" srcset=\"https:\/\/expreso.co.cr\/alicia\/wp-content\/uploads\/2015\/03\/portada_a1m.jpg 106w, https:\/\/expreso.co.cr\/alicia\/wp-content\/uploads\/2015\/03\/portada_a1m-60x85.jpg 60w\" sizes=\"auto, (max-width: 106px) 100vw, 106px\" \/><\/a>\n<p align=\"center\"><a href=\"http:\/\/expreso.co.cr\/alicia\/aventuras-de-alicia-en-el-pais-de-las-maravillas\/\"><b>Alicia en el Pa\u00eds de las Maravillas<\/b><\/a><br \/>(<em>Alice&#8217;s Adventures in Wonderland<\/em>)<\/p>\n<p>Es considerado como uno de los cuentos infantiles m\u00e1s populares del mundo. Alicia ha fascinado tanto a lectores j\u00f3venes como adultos de generaci\u00f3n en generaci\u00f3n y su lectura se ha convertido en una deliciosa obligaci\u00f3n. Pr\u00e1cticamente no hay biblioteca o librer\u00eda donde no se pueda conseguir.<\/p>\n<p><a href=\"http:\/\/expreso.co.cr\/alicia\/a-traves-del-espejo\/\"><img loading=\"lazy\" decoding=\"async\" src=\"http:\/\/expreso.co.cr\/alicia\/wp-content\/uploads\/2015\/03\/portada_a2m.jpg\" alt=\"A trav\u00e9s del espejo\" width=\"96\" height=\"150\" class=\"aligncenter size-full wp-image-200\" srcset=\"https:\/\/expreso.co.cr\/alicia\/wp-content\/uploads\/2015\/03\/portada_a2m.jpg 96w, https:\/\/expreso.co.cr\/alicia\/wp-content\/uploads\/2015\/03\/portada_a2m-60x94.jpg 60w\" sizes=\"auto, (max-width: 96px) 100vw, 96px\" \/><\/a><\/p>\n<p align=\"center\"><a href=\"http:\/\/expreso.co.cr\/alicia\/a-traves-del-espejo\/\"><b>A trav\u00e9s del espejo<\/b><\/a><br \/>(<em>Through the Looking Glass<\/em>)<\/p>\n<p>Es una continuaci\u00f3n m\u00e1s seria y formal, de agradable lectura, que nos da nuevos personajes de fantas\u00eda que tambi\u00e9n se han convertido en cl\u00e1sicos universales como <em>Humpty Dumpty<\/em>.<\/p>\n<p><a href=\"http:\/\/expreso.co.cr\/alicia\/alicia-para-ninos\/\"><img loading=\"lazy\" decoding=\"async\" src=\"http:\/\/expreso.co.cr\/alicia\/wp-content\/uploads\/2015\/03\/portada_a3m.jpg\" alt=\"Alicia para ni\u00f1os\" width=\"131\" height=\"150\" class=\"aligncenter size-full wp-image-201\" srcset=\"https:\/\/expreso.co.cr\/alicia\/wp-content\/uploads\/2015\/03\/portada_a3m.jpg 131w, https:\/\/expreso.co.cr\/alicia\/wp-content\/uploads\/2015\/03\/portada_a3m-60x69.jpg 60w\" sizes=\"auto, (max-width: 131px) 100vw, 131px\" \/><\/a><\/p>\n<p align=\"center\"><a href=\"http:\/\/expreso.co.cr\/alicia\/alicia-para-ninos\/\"><b>Alicia para ni\u00f1os<\/b><\/a><br \/>(<em>Nursery Alice<\/em>)<\/p>\n<p>Es una versi\u00f3n creada por el propio Lewis Carrol para los m\u00e1s peque\u00f1os, con la intenci\u00f3n de hacerla de r\u00e1pida y f\u00e1cil lectura para los padres de familia.<\/p>\n<p><a href=\"http:\/\/expreso.co.cr\/alicia\/la-caza-del-snark\/\"><img loading=\"lazy\" decoding=\"async\" src=\"http:\/\/expreso.co.cr\/alicia\/wp-content\/uploads\/2015\/03\/portada_a4m.jpg\" alt=\"La caza del Snark\" width=\"107\" height=\"150\" class=\"aligncenter size-full wp-image-202\" srcset=\"https:\/\/expreso.co.cr\/alicia\/wp-content\/uploads\/2015\/03\/portada_a4m.jpg 107w, https:\/\/expreso.co.cr\/alicia\/wp-content\/uploads\/2015\/03\/portada_a4m-60x84.jpg 60w\" sizes=\"auto, (max-width: 107px) 100vw, 107px\" \/><\/a><\/p>\n<p align=\"center\"><a href=\"http:\/\/expreso.co.cr\/alicia\/la-caza-del-snark\/\"><b>La caza del Snark<\/b><\/a><br \/>(<em>The hunting of the Snark<\/em>)<\/p>\n<p>Es un poema \u00e9pico que nos presenta una expedici\u00f3n para cazar a un Snark, aninal desconcertante, criatura h\u00edbrida, mitad serpiente (<em>snake<\/em>) y mitad tibur\u00f3n (<em>shark<\/em>).<\/p>\n<p><a href=\"http:\/\/expreso.co.cr\/alicia\/un-cuento-enredado\/\"><img loading=\"lazy\" decoding=\"async\" src=\"http:\/\/expreso.co.cr\/alicia\/wp-content\/uploads\/2015\/03\/portada_a5m.jpg\" alt=\"Un cuento enredado\" width=\"105\" height=\"150\" class=\"aligncenter size-full wp-image-203\" srcset=\"https:\/\/expreso.co.cr\/alicia\/wp-content\/uploads\/2015\/03\/portada_a5m.jpg 105w, https:\/\/expreso.co.cr\/alicia\/wp-content\/uploads\/2015\/03\/portada_a5m-60x86.jpg 60w\" sizes=\"auto, (max-width: 105px) 100vw, 105px\" \/><\/a><\/p>\n<p align=\"center\"><a href=\"http:\/\/expreso.co.cr\/alicia\/un-cuento-enredado\/\"><b>Un cuento enredado<\/b><\/a><br \/>(<em>A Tangled Tale<\/em>)<\/p>\n<p>Es un compendio de recreaciones matem\u00e1ticas presentadas en nudos (problemas).<\/p>\n<p><a href=\"http:\/\/expreso.co.cr\/alicia\/fantasmagoria-y-otros-poemas\/\"><img loading=\"lazy\" decoding=\"async\" src=\"http:\/\/expreso.co.cr\/alicia\/wp-content\/uploads\/2015\/03\/portada_a6m.jpg\" alt=\"Fantasmagor\u00eda y otros poemas\" width=\"104\" height=\"150\" class=\"aligncenter size-full wp-image-204\" srcset=\"https:\/\/expreso.co.cr\/alicia\/wp-content\/uploads\/2015\/03\/portada_a6m.jpg 104w, https:\/\/expreso.co.cr\/alicia\/wp-content\/uploads\/2015\/03\/portada_a6m-60x87.jpg 60w\" sizes=\"auto, (max-width: 104px) 100vw, 104px\" \/><\/a><\/p>\n<p align=\"center\"><a href=\"http:\/\/expreso.co.cr\/alicia\/fantasmagoria-y-otros-poemas\/\"><b>Fantasmagor\u00eda y otros poemas<\/b><\/a><br \/>(<em>Phantasmagoria and other poems<\/em>)<\/p>\n<p>Es un poema sat\u00edrico en el cual Carroll lleva al absurdo la creencia en lo paranormal.<\/p>\n<p align=\"center\">&#8211;o&#8211;<\/p>\n<p align=\"center\"><a href=\"http:\/\/expreso.co.cr\/alicia\/lo-que-la-tortuga-le-dijo-a-aquiles\/\"><b>Lo que la Tortuga le dijo a Aquiles<\/b><\/a><br \/>(<em>What the Tortoise Said to Achilles<\/em>)<\/p>\n<p>Es un breve di\u00e1logo en el que agradablemente se tratan problemas fundamentales de la l\u00f3gica. El t\u00edtulo alude a una de las paradojas del movimiento de Zen\u00f3n, en la cual Aquiles nunca podr\u00eda dar alcance a la tortuga en una carrera. En el di\u00e1logo, la tortuga desaf\u00eda a Aquiles a usar la fuerza de l\u00f3gica para hacerle aceptar la conclusi\u00f3n de un argumento deductivo simple. Finalmente, Aquiles falla, porque la diestra tortuga lo lleva en una regresi\u00f3n infinita.<\/p><\/div>\n<div id=\"attachment_999\" style=\"width: 310px\" class=\"wp-caption aligncenter\"><a href=\"http:\/\/expreso.co.cr\/alicia\/wp-content\/uploads\/2015\/03\/estatua01-e1476141668277.jpg\"><img loading=\"lazy\" decoding=\"async\" aria-describedby=\"caption-attachment-999\" src=\"http:\/\/expreso.co.cr\/alicia\/wp-content\/uploads\/2015\/03\/estatua01-300x225.jpg\" alt=\"Alicia\" width=\"300\" height=\"225\" class=\"size-medium wp-image-999\" \/><\/a><p id=\"caption-attachment-999\" class=\"wp-caption-text\">Escultura en honor del cuento de Alicia en la Pa\u00eds de las Maravillas, en el Central Park de Nueva York, EE.UU.<\/p><\/div>\n","protected":false},"excerpt":{"rendered":"<p>\u201cLas dos Alicias no son libros para ni\u00f1os: son libros en los que nos convertimos en ni\u00f1os\u201d Virginia Woolf Cuentos &nbsp;<\/p>\n","protected":false},"author":1,"featured_media":165,"parent":0,"menu_order":0,"comment_status":"open","ping_status":"closed","template":"","meta":{"ngg_post_thumbnail":0,"footnotes":""},"class_list":["post-12","page","type-page","status-publish","has-post-thumbnail","hentry"],"yoast_head":"<!-- This site is optimized with the Yoast SEO plugin v27.3 - https:\/\/yoast.com\/product\/yoast-seo-wordpress\/ -->\n<title>Cuentos - Sitio Web de Lewis Carroll<\/title>\n<meta name=\"robots\" content=\"index, follow, max-snippet:-1, max-image-preview:large, max-video-preview:-1\" \/>\n<link rel=\"canonical\" href=\"https:\/\/expreso.co.cr\/alicia\/cuentos\/\" \/>\n<meta property=\"og:locale\" content=\"es_ES\" \/>\n<meta property=\"og:type\" content=\"article\" \/>\n<meta property=\"og:title\" content=\"Cuentos - Sitio Web de Lewis Carroll\" \/>\n<meta property=\"og:description\" content=\"\u201cLas dos Alicias no son libros para ni\u00f1os: son libros en los que nos convertimos en ni\u00f1os\u201d Virginia Woolf Cuentos &nbsp;\" \/>\n<meta property=\"og:url\" content=\"https:\/\/expreso.co.cr\/alicia\/cuentos\/\" \/>\n<meta property=\"og:site_name\" content=\"Sitio Web de Lewis Carroll\" \/>\n<meta property=\"article:modified_time\" content=\"2025-03-20T11:42:01+00:00\" \/>\n<meta property=\"og:image\" content=\"https:\/\/expreso.co.cr\/alicia\/wp-content\/uploads\/2015\/03\/cortina.gif\" \/>\n\t<meta property=\"og:image:width\" content=\"208\" \/>\n\t<meta property=\"og:image:height\" content=\"308\" \/>\n\t<meta property=\"og:image:type\" content=\"image\/gif\" \/>\n<meta name=\"twitter:card\" content=\"summary_large_image\" \/>\n<meta name=\"twitter:label1\" content=\"Tiempo de lectura\" \/>\n\t<meta name=\"twitter:data1\" content=\"4 minutos\" \/>\n<script type=\"application\/ld+json\" class=\"yoast-schema-graph\">{\"@context\":\"https:\\\/\\\/schema.org\",\"@graph\":[{\"@type\":\"WebPage\",\"@id\":\"https:\\\/\\\/expreso.co.cr\\\/alicia\\\/cuentos\\\/\",\"url\":\"https:\\\/\\\/expreso.co.cr\\\/alicia\\\/cuentos\\\/\",\"name\":\"Cuentos - Sitio Web de Lewis Carroll\",\"isPartOf\":{\"@id\":\"https:\\\/\\\/expreso.co.cr\\\/alicia\\\/#website\"},\"primaryImageOfPage\":{\"@id\":\"https:\\\/\\\/expreso.co.cr\\\/alicia\\\/cuentos\\\/#primaryimage\"},\"image\":{\"@id\":\"https:\\\/\\\/expreso.co.cr\\\/alicia\\\/cuentos\\\/#primaryimage\"},\"thumbnailUrl\":\"https:\\\/\\\/expreso.co.cr\\\/alicia\\\/wp-content\\\/uploads\\\/2015\\\/03\\\/cortina.gif\",\"datePublished\":\"2015-03-25T01:18:40+00:00\",\"dateModified\":\"2025-03-20T11:42:01+00:00\",\"breadcrumb\":{\"@id\":\"https:\\\/\\\/expreso.co.cr\\\/alicia\\\/cuentos\\\/#breadcrumb\"},\"inLanguage\":\"es\",\"potentialAction\":[{\"@type\":\"ReadAction\",\"target\":[\"https:\\\/\\\/expreso.co.cr\\\/alicia\\\/cuentos\\\/\"]}]},{\"@type\":\"ImageObject\",\"inLanguage\":\"es\",\"@id\":\"https:\\\/\\\/expreso.co.cr\\\/alicia\\\/cuentos\\\/#primaryimage\",\"url\":\"https:\\\/\\\/expreso.co.cr\\\/alicia\\\/wp-content\\\/uploads\\\/2015\\\/03\\\/cortina.gif\",\"contentUrl\":\"https:\\\/\\\/expreso.co.cr\\\/alicia\\\/wp-content\\\/uploads\\\/2015\\\/03\\\/cortina.gif\",\"width\":208,\"height\":308,\"caption\":\"Alicia en el pa\u00eds de las maravillas\"},{\"@type\":\"BreadcrumbList\",\"@id\":\"https:\\\/\\\/expreso.co.cr\\\/alicia\\\/cuentos\\\/#breadcrumb\",\"itemListElement\":[{\"@type\":\"ListItem\",\"position\":1,\"name\":\"Portada\",\"item\":\"https:\\\/\\\/expreso.co.cr\\\/alicia\\\/\"},{\"@type\":\"ListItem\",\"position\":2,\"name\":\"Cuentos\"}]},{\"@type\":\"WebSite\",\"@id\":\"https:\\\/\\\/expreso.co.cr\\\/alicia\\\/#website\",\"url\":\"https:\\\/\\\/expreso.co.cr\\\/alicia\\\/\",\"name\":\"Sitio Web de Lewis Carroll\",\"description\":\"Alicia en el pa\u00eds de la maravillas y otros cuentos\",\"potentialAction\":[{\"@type\":\"SearchAction\",\"target\":{\"@type\":\"EntryPoint\",\"urlTemplate\":\"https:\\\/\\\/expreso.co.cr\\\/alicia\\\/?s={search_term_string}\"},\"query-input\":{\"@type\":\"PropertyValueSpecification\",\"valueRequired\":true,\"valueName\":\"search_term_string\"}}],\"inLanguage\":\"es\"}]}<\/script>\n<!-- \/ Yoast SEO plugin. -->","yoast_head_json":{"title":"Cuentos - Sitio Web de Lewis Carroll","robots":{"index":"index","follow":"follow","max-snippet":"max-snippet:-1","max-image-preview":"max-image-preview:large","max-video-preview":"max-video-preview:-1"},"canonical":"https:\/\/expreso.co.cr\/alicia\/cuentos\/","og_locale":"es_ES","og_type":"article","og_title":"Cuentos - Sitio Web de Lewis Carroll","og_description":"\u201cLas dos Alicias no son libros para ni\u00f1os: son libros en los que nos convertimos en ni\u00f1os\u201d Virginia Woolf Cuentos &nbsp;","og_url":"https:\/\/expreso.co.cr\/alicia\/cuentos\/","og_site_name":"Sitio Web de Lewis Carroll","article_modified_time":"2025-03-20T11:42:01+00:00","og_image":[{"width":208,"height":308,"url":"https:\/\/expreso.co.cr\/alicia\/wp-content\/uploads\/2015\/03\/cortina.gif","type":"image\/gif"}],"twitter_card":"summary_large_image","twitter_misc":{"Tiempo de lectura":"4 minutos"},"schema":{"@context":"https:\/\/schema.org","@graph":[{"@type":"WebPage","@id":"https:\/\/expreso.co.cr\/alicia\/cuentos\/","url":"https:\/\/expreso.co.cr\/alicia\/cuentos\/","name":"Cuentos - Sitio Web de Lewis Carroll","isPartOf":{"@id":"https:\/\/expreso.co.cr\/alicia\/#website"},"primaryImageOfPage":{"@id":"https:\/\/expreso.co.cr\/alicia\/cuentos\/#primaryimage"},"image":{"@id":"https:\/\/expreso.co.cr\/alicia\/cuentos\/#primaryimage"},"thumbnailUrl":"https:\/\/expreso.co.cr\/alicia\/wp-content\/uploads\/2015\/03\/cortina.gif","datePublished":"2015-03-25T01:18:40+00:00","dateModified":"2025-03-20T11:42:01+00:00","breadcrumb":{"@id":"https:\/\/expreso.co.cr\/alicia\/cuentos\/#breadcrumb"},"inLanguage":"es","potentialAction":[{"@type":"ReadAction","target":["https:\/\/expreso.co.cr\/alicia\/cuentos\/"]}]},{"@type":"ImageObject","inLanguage":"es","@id":"https:\/\/expreso.co.cr\/alicia\/cuentos\/#primaryimage","url":"https:\/\/expreso.co.cr\/alicia\/wp-content\/uploads\/2015\/03\/cortina.gif","contentUrl":"https:\/\/expreso.co.cr\/alicia\/wp-content\/uploads\/2015\/03\/cortina.gif","width":208,"height":308,"caption":"Alicia en el pa\u00eds de las maravillas"},{"@type":"BreadcrumbList","@id":"https:\/\/expreso.co.cr\/alicia\/cuentos\/#breadcrumb","itemListElement":[{"@type":"ListItem","position":1,"name":"Portada","item":"https:\/\/expreso.co.cr\/alicia\/"},{"@type":"ListItem","position":2,"name":"Cuentos"}]},{"@type":"WebSite","@id":"https:\/\/expreso.co.cr\/alicia\/#website","url":"https:\/\/expreso.co.cr\/alicia\/","name":"Sitio Web de Lewis Carroll","description":"Alicia en el pa\u00eds de la maravillas y otros cuentos","potentialAction":[{"@type":"SearchAction","target":{"@type":"EntryPoint","urlTemplate":"https:\/\/expreso.co.cr\/alicia\/?s={search_term_string}"},"query-input":{"@type":"PropertyValueSpecification","valueRequired":true,"valueName":"search_term_string"}}],"inLanguage":"es"}]}},"_links":{"self":[{"href":"https:\/\/expreso.co.cr\/alicia\/wp-json\/wp\/v2\/pages\/12","targetHints":{"allow":["GET"]}}],"collection":[{"href":"https:\/\/expreso.co.cr\/alicia\/wp-json\/wp\/v2\/pages"}],"about":[{"href":"https:\/\/expreso.co.cr\/alicia\/wp-json\/wp\/v2\/types\/page"}],"author":[{"embeddable":true,"href":"https:\/\/expreso.co.cr\/alicia\/wp-json\/wp\/v2\/users\/1"}],"replies":[{"embeddable":true,"href":"https:\/\/expreso.co.cr\/alicia\/wp-json\/wp\/v2\/comments?post=12"}],"version-history":[{"count":3,"href":"https:\/\/expreso.co.cr\/alicia\/wp-json\/wp\/v2\/pages\/12\/revisions"}],"predecessor-version":[{"id":3567,"href":"https:\/\/expreso.co.cr\/alicia\/wp-json\/wp\/v2\/pages\/12\/revisions\/3567"}],"wp:featuredmedia":[{"embeddable":true,"href":"https:\/\/expreso.co.cr\/alicia\/wp-json\/wp\/v2\/media\/165"}],"wp:attachment":[{"href":"https:\/\/expreso.co.cr\/alicia\/wp-json\/wp\/v2\/media?parent=12"}],"curies":[{"name":"wp","href":"https:\/\/api.w.org\/{rel}","templated":true}]}}