{"id":2,"date":"2015-03-19T21:04:31","date_gmt":"2015-03-20T03:04:31","guid":{"rendered":"http:\/\/expreso.co.cr\/alicia\/?page_id=2"},"modified":"2026-01-18T18:45:18","modified_gmt":"2026-01-19T00:45:18","slug":"portada","status":"publish","type":"page","link":"https:\/\/expreso.co.cr\/alicia\/","title":{"rendered":"Portada"},"content":{"rendered":"<p><img loading=\"lazy\" decoding=\"async\" src=\"https:\/\/expreso.co.cr\/alicia\/wp-content\/uploads\/2019\/01\/lcp2a.jpg\" alt=\"Arreglo gr\u00e1fico para la conmemoraci\u00f3n del centenario de la muerte de Lewis Carroll en 1998\" width=\"317\" height=\"313\" class=\"aligncenter size-full wp-image-1655\" srcset=\"https:\/\/expreso.co.cr\/alicia\/wp-content\/uploads\/2019\/01\/lcp2a.jpg 317w, https:\/\/expreso.co.cr\/alicia\/wp-content\/uploads\/2019\/01\/lcp2a-300x296.jpg 300w, https:\/\/expreso.co.cr\/alicia\/wp-content\/uploads\/2019\/01\/lcp2a-80x80.jpg 80w\" sizes=\"auto, (max-width: 317px) 100vw, 317px\" \/><\/p>\n<h3 align=\"center\">Sitio Web dedicado a <a href=\"https:\/\/expreso.co.cr\/alicia\/biografia\/\"><b>Lewis Carroll<\/b><\/a><\/h3>\n<audio class=\"wp-audio-shortcode\" id=\"audio-2-1\" preload=\"none\" style=\"width: 100%;\" controls=\"controls\"><source type=\"audio\/ogg\" src=\"https:\/\/expreso.co.cr\/alicia\/ogg\/k001.ogg?_=1\" \/><a href=\"https:\/\/expreso.co.cr\/alicia\/ogg\/k001.ogg\">https:\/\/expreso.co.cr\/alicia\/ogg\/k001.ogg<\/a><\/audio>\n&nbsp;<br \/>\n<a href=\"http:\/\/expreso.co.cr\/alicia\/cuentos\/\"><b>Aventuras de Alicia en el Pa\u00eds de las Maravillas<\/b><\/a>, <a href=\"http:\/\/expreso.co.cr\/alicia\/cuentos\/\"><b>A trav\u00e9s del Espejo<\/b><\/a>, <a href=\"http:\/\/expreso.co.cr\/alicia\/cuentos\/\"><b>Alicia para ni\u00f1os<\/b><\/a>, <a href=\"http:\/\/expreso.co.cr\/alicia\/cuentos\/\"><b>La caza del Snark<\/b><\/a>, <a href=\"http:\/\/expreso.co.cr\/alicia\/cuentos\/\"><b>Un Cuento Enredado<\/b><\/a> y <a href=\"http:\/\/expreso.co.cr\/alicia\/cuentos\/\"><b>Fantasmagor\u00eda y otros poemas<\/b><\/a> de <a href=\"http:\/\/expreso.co.cr\/alicia\/biografia\/\"><b>Lewis Carroll<\/b><\/a> est\u00e1n en hipertexto, totalmente ilustrados. Este proyecto naci\u00f3 originalmente a principios de 1996, \u00fanicamente como una forma de aprender a hacer p\u00e1ginas <i>Web<\/i>. Con el transcurso del tiempo, una vez adquirido el conocimiento, perfectamente se pod\u00eda trabajar en un bien establecido <b>SITIO WEB DE LEWIS CARROLL *ILUSTRADO*<\/b> en espa\u00f1ol, que ahora usa el gestor de contenidos (cms) <a href=\"https:\/\/wordpress.org\/\">WordPress<\/a>. En la actualidad, el cuento original de \u00ab<em>Aventuras de Alicia en el Pa\u00eds de las Maravillas<\/em>\u00bb es s\u00f3lo uno de muchos trabajos que se incluyen en la p\u00e1gina.<\/p>\n<p align=\"center\"><b>&#8212;o&#8212;<\/b><\/p>\n<p><a href=\"https:\/\/expreso.co.cr\/alicia\/wp-content\/uploads\/2015\/03\/nblaster.gif\"><img loading=\"lazy\" decoding=\"async\" src=\"http:\/\/expreso.co.cr\/alicia\/wp-content\/uploads\/2015\/03\/nblaster.gif\" alt=\"nblaster\" width=\"145\" height=\"74\" class=\"alignright size-full wp-image-32\"><\/a><\/p>\n<p>Muchas p\u00e1ginas tienen m\u00fasica con archivos de audio <b>ogg<\/b> que se pueden escuchar en todos los navegadores modernos. Para escucharla su dispositivo debe tener el sonido activado. Si no puede, entonces no tiene los ajustes correctos en la configuraci\u00f3n del sonido. La m\u00fasica cl\u00e1sica es del compositor <a href=\"http:\/\/expreso.co.cr\/alicia\/domenico-scarlatti\/\"><b>Domenico Scarlatti<\/b><\/a>.<\/p>\n<div class=\"scbb-content-box scbb-rounded-corners scbb-content-box-gray\">\n<p><strong>Contenido<\/strong><\/p>\n<ul>\n<li><a href=\"https:\/\/expreso.co.cr\/alicia\/biografia\/\">Biograf\u00eda Lewis Carroll<\/a>\n<\/li><li><a href=\"https:\/\/expreso.co.cr\/alicia\/blog\/\">Blog<\/a>\n<\/li><li><a href=\"https:\/\/expreso.co.cr\/alicia\/cuentos\/\">Cuentos<\/a>\n<\/li><li><a href=\"https:\/\/expreso.co.cr\/alicia\/ilustraciones\/\">Ilustraciones y otros<\/a>\n<\/li><li><a href=\"https:\/\/expreso.co.cr\/alicia\/multimedios\/\">Multimedios<\/a>\n<\/li><li><a href=\"https:\/\/expreso.co.cr\/alicia\/otros-autores\/\">Otros autores<\/a>\n<\/li><\/ul>\n<\/div>\n<p><img loading=\"lazy\" decoding=\"async\" src=\"https:\/\/expreso.co.cr\/alicia\/wp-content\/uploads\/2015\/03\/marco.gif\" alt=\"Alicia Liddel\" width=\"192\" height=\"245\" class=\"aligncenter size-full wp-image-33\"><\/p>\n<p align=\"center\"><b><em>Fotograf\u00eda tomada por Charles Lutwidge Dodgson (Lewis Carroll)<br \/>\nen 1862 de Alice Liddel, la ni\u00f1a que le inspir\u00f3 las \u00abAventuras de Alicia en el Pa\u00eds de las Maravillas\u00bb<\/em><\/b><\/p>\n<p align=\"center\"><b>[ Para todo sobre Lewis Carroll, vea <a href=\"https:\/\/www.lewiscarroll.org\/\">Lewis Carroll Society of North America Home Page<\/a> ]<\/b><\/p>\n<p><img loading=\"lazy\" decoding=\"async\" src=\"http:\/\/expreso.co.cr\/alicia\/wp-content\/uploads\/2015\/03\/hatter.gif\" alt=\"Sombrerero Loco\" width=\"150\" height=\"240\" class=\"aligncenter size-full wp-image-34\"><\/p>\n<h5 align=\"center\"><b>\u00daltima Actualizaci\u00f3n:<\/b><\/p>\n<p><b>18 DE ENERO DEL 2026<\/b><\/h5>\n<div class=\"scbb-content-box scbb-rounded-corners scbb-content-box-gray\"><img loading=\"lazy\" decoding=\"async\" src=\"http:\/\/expreso.co.cr\/alicia\/wp-content\/uploads\/2015\/03\/a2.gif\" alt=\"Oruga\" width=\"74\" height=\"72\" class=\"alignleft size-full wp-image-35\" \/>\n<div align=\"center\">\n<a rel=\"license\" href=\"https:\/\/creativecommons.org\/licenses\/by-nc-sa\/4.0\/\"><img decoding=\"async\" alt=\"Licencia de Creative Commons\" style=\"border-width:0\" src=\"https:\/\/i.creativecommons.org\/l\/by-nc-sa\/4.0\/88x31.png\" \/><\/a><br \/>\n&nbsp;<br \/>\n<b>Esta obra est\u00e1 bajo una <a rel=\"license\" href=\"http:\/\/creativecommons.org\/licenses\/by-nc-sa\/4.0\/\">licencia de Creative Commons Reconocimiento-NoComercial-CompartirIgual 4.0 Internacional<\/a>.<\/b>\n<\/div>\n<\/div>\n","protected":false},"excerpt":{"rendered":"<p>Sitio Web dedicado a Lewis Carroll &nbsp; Aventuras de Alicia en el Pa\u00eds de las Maravillas, A trav\u00e9s del Espejo, Alicia para ni\u00f1os, La caza del Snark, Un Cuento Enredado y Fantasmagor\u00eda y otros poemas de Lewis Carroll est\u00e1n en&hellip; <\/p>\n","protected":false},"author":1,"featured_media":31,"parent":0,"menu_order":0,"comment_status":"open","ping_status":"closed","template":"","meta":{"ngg_post_thumbnail":0,"footnotes":""},"class_list":["post-2","page","type-page","status-publish","has-post-thumbnail","hentry"],"yoast_head":"<!-- This site is optimized with the Yoast SEO plugin v27.3 - https:\/\/yoast.com\/product\/yoast-seo-wordpress\/ -->\n<title>Portada - Sitio Web de Lewis Carroll<\/title>\n<meta name=\"robots\" content=\"index, follow, max-snippet:-1, max-image-preview:large, max-video-preview:-1\" \/>\n<link rel=\"canonical\" href=\"https:\/\/expreso.co.cr\/alicia\/\" \/>\n<meta property=\"og:locale\" content=\"es_ES\" \/>\n<meta property=\"og:type\" content=\"article\" \/>\n<meta property=\"og:title\" content=\"Portada - Sitio Web de Lewis Carroll\" \/>\n<meta property=\"og:description\" content=\"Sitio Web dedicado a Lewis Carroll &nbsp; Aventuras de Alicia en el Pa\u00eds de las Maravillas, A trav\u00e9s del Espejo, Alicia para ni\u00f1os, La caza del Snark, Un Cuento Enredado y Fantasmagor\u00eda y otros poemas de Lewis Carroll est\u00e1n en&hellip;\" \/>\n<meta property=\"og:url\" content=\"https:\/\/expreso.co.cr\/alicia\/\" \/>\n<meta property=\"og:site_name\" content=\"Sitio Web de Lewis Carroll\" \/>\n<meta property=\"article:modified_time\" content=\"2026-01-19T00:45:18+00:00\" \/>\n<meta property=\"og:image\" content=\"https:\/\/expreso.co.cr\/alicia\/wp-content\/uploads\/2015\/03\/lcp2.jpg\" \/>\n\t<meta property=\"og:image:width\" content=\"301\" \/>\n\t<meta property=\"og:image:height\" content=\"282\" \/>\n\t<meta property=\"og:image:type\" content=\"image\/jpeg\" \/>\n<meta name=\"twitter:card\" content=\"summary_large_image\" \/>\n<meta name=\"twitter:label1\" content=\"Tiempo de lectura\" \/>\n\t<meta name=\"twitter:data1\" content=\"3 minutos\" \/>\n<script type=\"application\/ld+json\" class=\"yoast-schema-graph\">{\"@context\":\"https:\\\/\\\/schema.org\",\"@graph\":[{\"@type\":\"WebPage\",\"@id\":\"https:\\\/\\\/expreso.co.cr\\\/alicia\\\/\",\"url\":\"https:\\\/\\\/expreso.co.cr\\\/alicia\\\/\",\"name\":\"Portada - Sitio Web de Lewis Carroll\",\"isPartOf\":{\"@id\":\"https:\\\/\\\/expreso.co.cr\\\/alicia\\\/#website\"},\"primaryImageOfPage\":{\"@id\":\"https:\\\/\\\/expreso.co.cr\\\/alicia\\\/#primaryimage\"},\"image\":{\"@id\":\"https:\\\/\\\/expreso.co.cr\\\/alicia\\\/#primaryimage\"},\"thumbnailUrl\":\"https:\\\/\\\/expreso.co.cr\\\/alicia\\\/wp-content\\\/uploads\\\/2015\\\/03\\\/lcp2.jpg\",\"datePublished\":\"2015-03-20T03:04:31+00:00\",\"dateModified\":\"2026-01-19T00:45:18+00:00\",\"breadcrumb\":{\"@id\":\"https:\\\/\\\/expreso.co.cr\\\/alicia\\\/#breadcrumb\"},\"inLanguage\":\"es\",\"potentialAction\":[{\"@type\":\"ReadAction\",\"target\":[\"https:\\\/\\\/expreso.co.cr\\\/alicia\\\/\"]}]},{\"@type\":\"ImageObject\",\"inLanguage\":\"es\",\"@id\":\"https:\\\/\\\/expreso.co.cr\\\/alicia\\\/#primaryimage\",\"url\":\"https:\\\/\\\/expreso.co.cr\\\/alicia\\\/wp-content\\\/uploads\\\/2015\\\/03\\\/lcp2.jpg\",\"contentUrl\":\"https:\\\/\\\/expreso.co.cr\\\/alicia\\\/wp-content\\\/uploads\\\/2015\\\/03\\\/lcp2.jpg\",\"width\":301,\"height\":282,\"caption\":\"Arreglo gr\u00e1fico para la conmemoraci\u00f3n del centenario de la muerte de Lewis Carroll en 1998\"},{\"@type\":\"BreadcrumbList\",\"@id\":\"https:\\\/\\\/expreso.co.cr\\\/alicia\\\/#breadcrumb\",\"itemListElement\":[{\"@type\":\"ListItem\",\"position\":1,\"name\":\"Portada\",\"item\":\"https:\\\/\\\/expreso.co.cr\\\/alicia\\\/\"},{\"@type\":\"ListItem\",\"position\":2,\"name\":\"Portada\"}]},{\"@type\":\"WebSite\",\"@id\":\"https:\\\/\\\/expreso.co.cr\\\/alicia\\\/#website\",\"url\":\"https:\\\/\\\/expreso.co.cr\\\/alicia\\\/\",\"name\":\"Sitio Web de Lewis Carroll\",\"description\":\"Alicia en el pa\u00eds de la maravillas y otros cuentos\",\"potentialAction\":[{\"@type\":\"SearchAction\",\"target\":{\"@type\":\"EntryPoint\",\"urlTemplate\":\"https:\\\/\\\/expreso.co.cr\\\/alicia\\\/?s={search_term_string}\"},\"query-input\":{\"@type\":\"PropertyValueSpecification\",\"valueRequired\":true,\"valueName\":\"search_term_string\"}}],\"inLanguage\":\"es\"}]}<\/script>\n<!-- \/ Yoast SEO plugin. -->","yoast_head_json":{"title":"Portada - Sitio Web de Lewis Carroll","robots":{"index":"index","follow":"follow","max-snippet":"max-snippet:-1","max-image-preview":"max-image-preview:large","max-video-preview":"max-video-preview:-1"},"canonical":"https:\/\/expreso.co.cr\/alicia\/","og_locale":"es_ES","og_type":"article","og_title":"Portada - Sitio Web de Lewis Carroll","og_description":"Sitio Web dedicado a Lewis Carroll &nbsp; Aventuras de Alicia en el Pa\u00eds de las Maravillas, A trav\u00e9s del Espejo, Alicia para ni\u00f1os, La caza del Snark, Un Cuento Enredado y Fantasmagor\u00eda y otros poemas de Lewis Carroll est\u00e1n en&hellip;","og_url":"https:\/\/expreso.co.cr\/alicia\/","og_site_name":"Sitio Web de Lewis Carroll","article_modified_time":"2026-01-19T00:45:18+00:00","og_image":[{"width":301,"height":282,"url":"https:\/\/expreso.co.cr\/alicia\/wp-content\/uploads\/2015\/03\/lcp2.jpg","type":"image\/jpeg"}],"twitter_card":"summary_large_image","twitter_misc":{"Tiempo de lectura":"3 minutos"},"schema":{"@context":"https:\/\/schema.org","@graph":[{"@type":"WebPage","@id":"https:\/\/expreso.co.cr\/alicia\/","url":"https:\/\/expreso.co.cr\/alicia\/","name":"Portada - Sitio Web de Lewis Carroll","isPartOf":{"@id":"https:\/\/expreso.co.cr\/alicia\/#website"},"primaryImageOfPage":{"@id":"https:\/\/expreso.co.cr\/alicia\/#primaryimage"},"image":{"@id":"https:\/\/expreso.co.cr\/alicia\/#primaryimage"},"thumbnailUrl":"https:\/\/expreso.co.cr\/alicia\/wp-content\/uploads\/2015\/03\/lcp2.jpg","datePublished":"2015-03-20T03:04:31+00:00","dateModified":"2026-01-19T00:45:18+00:00","breadcrumb":{"@id":"https:\/\/expreso.co.cr\/alicia\/#breadcrumb"},"inLanguage":"es","potentialAction":[{"@type":"ReadAction","target":["https:\/\/expreso.co.cr\/alicia\/"]}]},{"@type":"ImageObject","inLanguage":"es","@id":"https:\/\/expreso.co.cr\/alicia\/#primaryimage","url":"https:\/\/expreso.co.cr\/alicia\/wp-content\/uploads\/2015\/03\/lcp2.jpg","contentUrl":"https:\/\/expreso.co.cr\/alicia\/wp-content\/uploads\/2015\/03\/lcp2.jpg","width":301,"height":282,"caption":"Arreglo gr\u00e1fico para la conmemoraci\u00f3n del centenario de la muerte de Lewis Carroll en 1998"},{"@type":"BreadcrumbList","@id":"https:\/\/expreso.co.cr\/alicia\/#breadcrumb","itemListElement":[{"@type":"ListItem","position":1,"name":"Portada","item":"https:\/\/expreso.co.cr\/alicia\/"},{"@type":"ListItem","position":2,"name":"Portada"}]},{"@type":"WebSite","@id":"https:\/\/expreso.co.cr\/alicia\/#website","url":"https:\/\/expreso.co.cr\/alicia\/","name":"Sitio Web de Lewis Carroll","description":"Alicia en el pa\u00eds de la maravillas y otros cuentos","potentialAction":[{"@type":"SearchAction","target":{"@type":"EntryPoint","urlTemplate":"https:\/\/expreso.co.cr\/alicia\/?s={search_term_string}"},"query-input":{"@type":"PropertyValueSpecification","valueRequired":true,"valueName":"search_term_string"}}],"inLanguage":"es"}]}},"_links":{"self":[{"href":"https:\/\/expreso.co.cr\/alicia\/wp-json\/wp\/v2\/pages\/2","targetHints":{"allow":["GET"]}}],"collection":[{"href":"https:\/\/expreso.co.cr\/alicia\/wp-json\/wp\/v2\/pages"}],"about":[{"href":"https:\/\/expreso.co.cr\/alicia\/wp-json\/wp\/v2\/types\/page"}],"author":[{"embeddable":true,"href":"https:\/\/expreso.co.cr\/alicia\/wp-json\/wp\/v2\/users\/1"}],"replies":[{"embeddable":true,"href":"https:\/\/expreso.co.cr\/alicia\/wp-json\/wp\/v2\/comments?post=2"}],"version-history":[{"count":24,"href":"https:\/\/expreso.co.cr\/alicia\/wp-json\/wp\/v2\/pages\/2\/revisions"}],"predecessor-version":[{"id":4148,"href":"https:\/\/expreso.co.cr\/alicia\/wp-json\/wp\/v2\/pages\/2\/revisions\/4148"}],"wp:featuredmedia":[{"embeddable":true,"href":"https:\/\/expreso.co.cr\/alicia\/wp-json\/wp\/v2\/media\/31"}],"wp:attachment":[{"href":"https:\/\/expreso.co.cr\/alicia\/wp-json\/wp\/v2\/media?parent=2"}],"curies":[{"name":"wp","href":"https:\/\/api.w.org\/{rel}","templated":true}]}}