{"id":20,"date":"2015-03-25T12:38:15","date_gmt":"2015-03-25T18:38:15","guid":{"rendered":"http:\/\/expreso.co.cr\/alicia\/?page_id=20"},"modified":"2018-02-23T12:10:06","modified_gmt":"2018-02-23T18:10:06","slug":"otros-autores","status":"publish","type":"page","link":"https:\/\/expreso.co.cr\/alicia\/otros-autores\/","title":{"rendered":"Otros autores"},"content":{"rendered":"<p><img loading=\"lazy\" decoding=\"async\" src=\"http:\/\/expreso.co.cr\/alicia\/wp-content\/uploads\/2015\/03\/otros_cuentos.jpg\" alt=\"otros_cuentos\" width=\"300\" height=\"267\" class=\"aligncenter size-full wp-image-572\" srcset=\"https:\/\/expreso.co.cr\/alicia\/wp-content\/uploads\/2015\/03\/otros_cuentos.jpg 300w, https:\/\/expreso.co.cr\/alicia\/wp-content\/uploads\/2015\/03\/otros_cuentos-60x53.jpg 60w\" sizes=\"auto, (max-width: 300px) 100vw, 300px\" \/><\/p>\n<h3 align=center><b>Otros Autores<\/b><\/h3>\n<p>El prop\u00f3sito de esta secci\u00f3n es tener autores invitados del g\u00e9nero infantil que tengan alg\u00fan inter\u00e9s especial, ya sea por su narrativa o por ser una obra universal.<\/p>\n<div class=\"scbb-content-box scbb-rounded-corners scbb-content-box-gray\">\n<p align=\"center\"><a href=\"http:\/\/expreso.co.cr\/alicia\/cuentos-de-mi-tia-panchita\/\"><img loading=\"lazy\" decoding=\"async\" src=\"http:\/\/i2.wp.com\/expreso.co.cr\/cuentos\/panchita.jpg?fit=700%2C100\" border=\"0\/\" width=\"88\" height=\"100\" \/><\/a><\/p>\n<p align=\"center\"><a href=\"http:\/\/expreso.co.cr\/alicia\/cuentos-de-mi-tia-panchita\/\"><b>Cuentos de mi T\u00eda Panchita<\/b><\/a><br \/>\nde Carmen Lyra<\/p>\n<p>Estos cuentos de Costa Rica, son un cl\u00e1sico centroamericano y de Latinoam\u00e9rica.<\/p><\/div>\n<div class=\"scbb-content-box scbb-rounded-corners scbb-content-box-gray\">\n<p align=\"center\"><a href=\"http:\/\/expreso.co.cr\/alicia\/cuentos-de-maravilla\/\"><img loading=\"lazy\" decoding=\"async\" src=\"http:\/\/expreso.co.cr\/alicia\/wp-content\/uploads\/2015\/03\/cm_mini.jpg\" alt=\"Cuentos de maravilla\" width=\"88\" height=\"100\" class=\"aligncenter size-full wp-image-662\" srcset=\"https:\/\/expreso.co.cr\/alicia\/wp-content\/uploads\/2015\/03\/cm_mini.jpg 88w, https:\/\/expreso.co.cr\/alicia\/wp-content\/uploads\/2015\/03\/cm_mini-60x68.jpg 60w\" sizes=\"auto, (max-width: 88px) 100vw, 88px\" \/><\/a><\/p>\n<p align=\"center\"><a href=\"http:\/\/expreso.co.cr\/alicia\/cuentos-de-maravilla\/\"><b>Cuentos de Maravilla<\/b><\/a><br \/>\nSelecci\u00f3n de Evangelina Gamboa<\/p>\n<p>Cuentos infantiles cl\u00e1sicos y tradicionales de todo el mundo.<\/p><\/div>\n<div class=\"scbb-content-box scbb-rounded-corners scbb-content-box-gray\">\n<p align=\"center\"><a href=\"http:\/\/expreso.co.cr\/alicia\/aventuras-de-pinocho\/\"><img loading=\"lazy\" decoding=\"async\" src=\"http:\/\/expreso.co.cr\/cuentos\/pinocho.jpg\" border=\"0\/\" width=\"88\" height=\"100\" \/><\/a><\/p>\n<p align=\"center\"><a href=\"http:\/\/expreso.co.cr\/alicia\/aventuras-de-pinocho\/\"><b>Aventuras de Picnocho<\/b><\/a><br \/>\nde Carlo Collodi<\/p>\n<p>Un cl\u00e1sico universal, quizas el libro infantil m\u00e1s leido.<\/p><\/div>\n<p><em>Los cuentos pueden verse en l\u00ednea o con un lector de archivos Pdf. La biograf\u00eda de los autores se puede consultar en el v\u00ednculo del cuento.<\/em><\/p>\n","protected":false},"excerpt":{"rendered":"<p>Otros Autores El prop\u00f3sito de esta secci\u00f3n es tener autores invitados del g\u00e9nero infantil que tengan alg\u00fan inter\u00e9s especial, ya sea por su narrativa o por ser una obra universal. Los cuentos pueden verse en l\u00ednea o con un lector&hellip; <\/p>\n","protected":false},"author":1,"featured_media":572,"parent":0,"menu_order":0,"comment_status":"open","ping_status":"closed","template":"","meta":{"ngg_post_thumbnail":0,"footnotes":""},"class_list":["post-20","page","type-page","status-publish","has-post-thumbnail","hentry"],"yoast_head":"<!-- This site is optimized with the Yoast SEO plugin v27.3 - https:\/\/yoast.com\/product\/yoast-seo-wordpress\/ -->\n<title>Otros autores - Sitio Web de Lewis Carroll<\/title>\n<meta name=\"robots\" content=\"index, follow, max-snippet:-1, max-image-preview:large, max-video-preview:-1\" \/>\n<link rel=\"canonical\" href=\"https:\/\/expreso.co.cr\/alicia\/otros-autores\/\" \/>\n<meta property=\"og:locale\" content=\"es_ES\" \/>\n<meta property=\"og:type\" content=\"article\" \/>\n<meta property=\"og:title\" content=\"Otros autores - Sitio Web de Lewis Carroll\" \/>\n<meta property=\"og:description\" content=\"Otros Autores El prop\u00f3sito de esta secci\u00f3n es tener autores invitados del g\u00e9nero infantil que tengan alg\u00fan inter\u00e9s especial, ya sea por su narrativa o por ser una obra universal. Los cuentos pueden verse en l\u00ednea o con un lector&hellip;\" \/>\n<meta property=\"og:url\" content=\"https:\/\/expreso.co.cr\/alicia\/otros-autores\/\" \/>\n<meta property=\"og:site_name\" content=\"Sitio Web de Lewis Carroll\" \/>\n<meta property=\"article:modified_time\" content=\"2018-02-23T18:10:06+00:00\" \/>\n<meta property=\"og:image\" content=\"https:\/\/expreso.co.cr\/alicia\/wp-content\/uploads\/2015\/03\/otros_cuentos.jpg\" \/>\n\t<meta property=\"og:image:width\" content=\"300\" \/>\n\t<meta property=\"og:image:height\" content=\"267\" \/>\n\t<meta property=\"og:image:type\" content=\"image\/jpeg\" \/>\n<meta name=\"twitter:card\" content=\"summary_large_image\" \/>\n<meta name=\"twitter:label1\" content=\"Tiempo de lectura\" \/>\n\t<meta name=\"twitter:data1\" content=\"1 minuto\" \/>\n<script type=\"application\/ld+json\" class=\"yoast-schema-graph\">{\"@context\":\"https:\\\/\\\/schema.org\",\"@graph\":[{\"@type\":\"WebPage\",\"@id\":\"https:\\\/\\\/expreso.co.cr\\\/alicia\\\/otros-autores\\\/\",\"url\":\"https:\\\/\\\/expreso.co.cr\\\/alicia\\\/otros-autores\\\/\",\"name\":\"Otros autores - Sitio Web de Lewis Carroll\",\"isPartOf\":{\"@id\":\"https:\\\/\\\/expreso.co.cr\\\/alicia\\\/#website\"},\"primaryImageOfPage\":{\"@id\":\"https:\\\/\\\/expreso.co.cr\\\/alicia\\\/otros-autores\\\/#primaryimage\"},\"image\":{\"@id\":\"https:\\\/\\\/expreso.co.cr\\\/alicia\\\/otros-autores\\\/#primaryimage\"},\"thumbnailUrl\":\"https:\\\/\\\/expreso.co.cr\\\/alicia\\\/wp-content\\\/uploads\\\/2015\\\/03\\\/otros_cuentos.jpg\",\"datePublished\":\"2015-03-25T18:38:15+00:00\",\"dateModified\":\"2018-02-23T18:10:06+00:00\",\"breadcrumb\":{\"@id\":\"https:\\\/\\\/expreso.co.cr\\\/alicia\\\/otros-autores\\\/#breadcrumb\"},\"inLanguage\":\"es\",\"potentialAction\":[{\"@type\":\"ReadAction\",\"target\":[\"https:\\\/\\\/expreso.co.cr\\\/alicia\\\/otros-autores\\\/\"]}]},{\"@type\":\"ImageObject\",\"inLanguage\":\"es\",\"@id\":\"https:\\\/\\\/expreso.co.cr\\\/alicia\\\/otros-autores\\\/#primaryimage\",\"url\":\"https:\\\/\\\/expreso.co.cr\\\/alicia\\\/wp-content\\\/uploads\\\/2015\\\/03\\\/otros_cuentos.jpg\",\"contentUrl\":\"https:\\\/\\\/expreso.co.cr\\\/alicia\\\/wp-content\\\/uploads\\\/2015\\\/03\\\/otros_cuentos.jpg\",\"width\":300,\"height\":267},{\"@type\":\"BreadcrumbList\",\"@id\":\"https:\\\/\\\/expreso.co.cr\\\/alicia\\\/otros-autores\\\/#breadcrumb\",\"itemListElement\":[{\"@type\":\"ListItem\",\"position\":1,\"name\":\"Portada\",\"item\":\"https:\\\/\\\/expreso.co.cr\\\/alicia\\\/\"},{\"@type\":\"ListItem\",\"position\":2,\"name\":\"Otros autores\"}]},{\"@type\":\"WebSite\",\"@id\":\"https:\\\/\\\/expreso.co.cr\\\/alicia\\\/#website\",\"url\":\"https:\\\/\\\/expreso.co.cr\\\/alicia\\\/\",\"name\":\"Sitio Web de Lewis Carroll\",\"description\":\"Alicia en el pa\u00eds de la maravillas y otros cuentos\",\"potentialAction\":[{\"@type\":\"SearchAction\",\"target\":{\"@type\":\"EntryPoint\",\"urlTemplate\":\"https:\\\/\\\/expreso.co.cr\\\/alicia\\\/?s={search_term_string}\"},\"query-input\":{\"@type\":\"PropertyValueSpecification\",\"valueRequired\":true,\"valueName\":\"search_term_string\"}}],\"inLanguage\":\"es\"}]}<\/script>\n<!-- \/ Yoast SEO plugin. -->","yoast_head_json":{"title":"Otros autores - Sitio Web de Lewis Carroll","robots":{"index":"index","follow":"follow","max-snippet":"max-snippet:-1","max-image-preview":"max-image-preview:large","max-video-preview":"max-video-preview:-1"},"canonical":"https:\/\/expreso.co.cr\/alicia\/otros-autores\/","og_locale":"es_ES","og_type":"article","og_title":"Otros autores - Sitio Web de Lewis Carroll","og_description":"Otros Autores El prop\u00f3sito de esta secci\u00f3n es tener autores invitados del g\u00e9nero infantil que tengan alg\u00fan inter\u00e9s especial, ya sea por su narrativa o por ser una obra universal. Los cuentos pueden verse en l\u00ednea o con un lector&hellip;","og_url":"https:\/\/expreso.co.cr\/alicia\/otros-autores\/","og_site_name":"Sitio Web de Lewis Carroll","article_modified_time":"2018-02-23T18:10:06+00:00","og_image":[{"width":300,"height":267,"url":"https:\/\/expreso.co.cr\/alicia\/wp-content\/uploads\/2015\/03\/otros_cuentos.jpg","type":"image\/jpeg"}],"twitter_card":"summary_large_image","twitter_misc":{"Tiempo de lectura":"1 minuto"},"schema":{"@context":"https:\/\/schema.org","@graph":[{"@type":"WebPage","@id":"https:\/\/expreso.co.cr\/alicia\/otros-autores\/","url":"https:\/\/expreso.co.cr\/alicia\/otros-autores\/","name":"Otros autores - Sitio Web de Lewis Carroll","isPartOf":{"@id":"https:\/\/expreso.co.cr\/alicia\/#website"},"primaryImageOfPage":{"@id":"https:\/\/expreso.co.cr\/alicia\/otros-autores\/#primaryimage"},"image":{"@id":"https:\/\/expreso.co.cr\/alicia\/otros-autores\/#primaryimage"},"thumbnailUrl":"https:\/\/expreso.co.cr\/alicia\/wp-content\/uploads\/2015\/03\/otros_cuentos.jpg","datePublished":"2015-03-25T18:38:15+00:00","dateModified":"2018-02-23T18:10:06+00:00","breadcrumb":{"@id":"https:\/\/expreso.co.cr\/alicia\/otros-autores\/#breadcrumb"},"inLanguage":"es","potentialAction":[{"@type":"ReadAction","target":["https:\/\/expreso.co.cr\/alicia\/otros-autores\/"]}]},{"@type":"ImageObject","inLanguage":"es","@id":"https:\/\/expreso.co.cr\/alicia\/otros-autores\/#primaryimage","url":"https:\/\/expreso.co.cr\/alicia\/wp-content\/uploads\/2015\/03\/otros_cuentos.jpg","contentUrl":"https:\/\/expreso.co.cr\/alicia\/wp-content\/uploads\/2015\/03\/otros_cuentos.jpg","width":300,"height":267},{"@type":"BreadcrumbList","@id":"https:\/\/expreso.co.cr\/alicia\/otros-autores\/#breadcrumb","itemListElement":[{"@type":"ListItem","position":1,"name":"Portada","item":"https:\/\/expreso.co.cr\/alicia\/"},{"@type":"ListItem","position":2,"name":"Otros autores"}]},{"@type":"WebSite","@id":"https:\/\/expreso.co.cr\/alicia\/#website","url":"https:\/\/expreso.co.cr\/alicia\/","name":"Sitio Web de Lewis Carroll","description":"Alicia en el pa\u00eds de la maravillas y otros cuentos","potentialAction":[{"@type":"SearchAction","target":{"@type":"EntryPoint","urlTemplate":"https:\/\/expreso.co.cr\/alicia\/?s={search_term_string}"},"query-input":{"@type":"PropertyValueSpecification","valueRequired":true,"valueName":"search_term_string"}}],"inLanguage":"es"}]}},"_links":{"self":[{"href":"https:\/\/expreso.co.cr\/alicia\/wp-json\/wp\/v2\/pages\/20","targetHints":{"allow":["GET"]}}],"collection":[{"href":"https:\/\/expreso.co.cr\/alicia\/wp-json\/wp\/v2\/pages"}],"about":[{"href":"https:\/\/expreso.co.cr\/alicia\/wp-json\/wp\/v2\/types\/page"}],"author":[{"embeddable":true,"href":"https:\/\/expreso.co.cr\/alicia\/wp-json\/wp\/v2\/users\/1"}],"replies":[{"embeddable":true,"href":"https:\/\/expreso.co.cr\/alicia\/wp-json\/wp\/v2\/comments?post=20"}],"version-history":[{"count":0,"href":"https:\/\/expreso.co.cr\/alicia\/wp-json\/wp\/v2\/pages\/20\/revisions"}],"wp:featuredmedia":[{"embeddable":true,"href":"https:\/\/expreso.co.cr\/alicia\/wp-json\/wp\/v2\/media\/572"}],"wp:attachment":[{"href":"https:\/\/expreso.co.cr\/alicia\/wp-json\/wp\/v2\/media?parent=20"}],"curies":[{"name":"wp","href":"https:\/\/api.w.org\/{rel}","templated":true}]}}