{"id":3410,"date":"2024-06-01T16:16:57","date_gmt":"2024-06-01T22:16:57","guid":{"rendered":"https:\/\/expreso.co.cr\/alicia\/?page_id=3410"},"modified":"2024-06-01T17:00:57","modified_gmt":"2024-06-01T23:00:57","slug":"blog","status":"publish","type":"page","link":"https:\/\/expreso.co.cr\/alicia\/blog\/","title":{"rendered":"Blog"},"content":{"rendered":"<p><img loading=\"lazy\" decoding=\"async\" src=\"https:\/\/expreso.co.cr\/alicia\/wp-content\/uploads\/2024\/06\/aliciablog01.webp\" alt=\"Blog de Alicia\" width=\"450\" height=\"236\" class=\"aligncenter size-full wp-image-3411\" srcset=\"https:\/\/expreso.co.cr\/alicia\/wp-content\/uploads\/2024\/06\/aliciablog01.webp 450w, https:\/\/expreso.co.cr\/alicia\/wp-content\/uploads\/2024\/06\/aliciablog01-300x157.webp 300w\" sizes=\"auto, (max-width: 450px) 100vw, 450px\" \/><\/p>\n<h3 align=\"center\"><span style=\"color: #385ca5;\"><b>Blog de Alicia<\/b><\/span><\/h3>\n<p>\u00a1Bienvenidos al Pa\u00eds de las Maravillas! En secci\u00f3n de blog, nos embarcaremos en un viaje fascinante y lleno de imaginaci\u00f3n, siguiendo los pasos de Alicia en su extraordinaria aventura. Inspirado en el cl\u00e1sico cuento de Lewis Carroll, exploraremos los personajes, los escenarios m\u00e1gicos y los mensajes ocultos que hacen de \u00abAlicia en el Pa\u00eds de las Maravillas\u00bb una obra atemporal.<\/p>\n<p>Desde el enigm\u00e1tico Gato de Cheshire hasta la desp\u00f3tica Reina de Corazones, cada entrada del blog nos sumergir\u00e1 en los rincones m\u00e1s sorprendentes y peculiares de este universo fant\u00e1stico. Analizaremos las lecciones de vida escondidas en cada cap\u00edtulo, desentra\u00f1aremos el simbolismo detr\u00e1s de las escenas m\u00e1s ic\u00f3nicas y compartiremos curiosidades sobre el autor y la creaci\u00f3n de esta obra maestra de la mano de numerosos autores.<\/p>\n<p>As\u00ed que, prepare tu sombrero de copa y su mejor sentido de la curiosidad, porque estamos a punto de atravesar la madriguera del conejo y descubrir un mundo donde lo imposible se vuelve posible. \u00a1Acomp\u00e1\u00f1enos en esta maravillosa traves\u00eda y deje que la magia de Alicia en el Pa\u00eds de las Maravillas transforme tu manera de ver el mundo!<\/p>\n<p><strong>Entradas del Blog<\/strong><\/p>\n<div class=\"scbb-content-box scbb-rounded-corners scbb-content-box-gray\">\n<ul class=\"lcp_catlist\" id=\"lcp_instance_0\"><li><a href=\"https:\/\/expreso.co.cr\/alicia\/un-bote-bajo-un-cielo-soleado\/\">\u201cUn bote bajo un cielo soleado\u201d<\/a><\/li><li><a href=\"https:\/\/expreso.co.cr\/alicia\/15-curiosidades-de-alicia-en-el-pais-de-las-maravillas\/\">15 curiosidades de Alicia en el pa\u00eds de las maravillas<\/a><\/li><li><a href=\"https:\/\/expreso.co.cr\/alicia\/alice-liddell-la-nina-detras-del-espejo\/\">Alice Liddell, la ni\u00f1a detr\u00e1s del espejo<\/a><\/li><li><a href=\"https:\/\/expreso.co.cr\/alicia\/alices-shop-en-oxford-el-portal-entre-dos-mundos\/\">Alice\u2019s Shop en Oxford, el portal entre dos mundos<\/a><\/li><li><a href=\"https:\/\/expreso.co.cr\/alicia\/alicia-a-traves-del-espejo-pelicula\/\">Alicia a trav\u00e9s del espejo (pel\u00edcula)<\/a><\/li><li><a href=\"https:\/\/expreso.co.cr\/alicia\/alicia-anotada\/\">Alicia Anotada<\/a><\/li><li><a href=\"https:\/\/expreso.co.cr\/alicia\/analisis-de-alicia-en-el-pais-de-las-maravillas\/\">An\u00e1lisis de Alicia en el pa\u00eds de las maravillas<\/a><\/li><li><a href=\"https:\/\/expreso.co.cr\/alicia\/carroll-y-jack-el-destripador\/\">Carroll y Jack el Destripador<\/a><\/li><li><a href=\"https:\/\/expreso.co.cr\/alicia\/frases-de-lewis-carroll\/\">Frases de Lewis Carroll<\/a><\/li><li><a href=\"https:\/\/expreso.co.cr\/alicia\/la-muchacha-que-se-convirtio-en-la-alicia-de-disney-1951\/\">La muchacha que se convirti\u00f3 en la Alicia de Disney (1951)<\/a><\/li><li><a href=\"https:\/\/expreso.co.cr\/alicia\/la-vuelta-de-alicia-al-pais-de-las-maravillas\/\">La vuelta de Alicia al pa\u00eds de las maravillas<\/a><\/li><li><a href=\"https:\/\/expreso.co.cr\/alicia\/las-matematicas-desde-el-pais-de-las-maravillas-a-la-inteligencia-artificial\/\">Las matem\u00e1ticas, desde el Pa\u00eds de las Maravillas a la inteligencia artificial<\/a><\/li><li><a href=\"https:\/\/expreso.co.cr\/alicia\/las-residencias-de-carroll\/\">Las residencias de Carroll<\/a><\/li><li><a href=\"https:\/\/expreso.co.cr\/alicia\/lewis-carroll-los-libros-de-alicia-y-la-matrix\/\">Lewis Carroll, los libros de Alicia y la Matrix<\/a><\/li><li><a href=\"https:\/\/expreso.co.cr\/alicia\/lewis-carroll-los-fenomenos-paranormales-la-escritura-automatica-y-las-puertas-a-otras-dimensiones\/\">Lewis Carroll: los fen\u00f3menos paranormales, la escritura autom\u00e1tica, y las puertas a otras dimensiones<\/a><\/li><li><a href=\"https:\/\/expreso.co.cr\/alicia\/mas-mensajes-ocultos\/\">M\u00e1s mensajes ocultos<\/a><\/li><li><a href=\"https:\/\/expreso.co.cr\/alicia\/menciones-y-reconocimientos\/\">Menciones y reconocimientos<\/a><\/li><li><a href=\"https:\/\/expreso.co.cr\/alicia\/mensajes-ocultos-de-alicia-en-el-pais-de-las-maravillas\/\">Mensajes ocultos de Alicia en el pa\u00eds de las maravillas<\/a><\/li><li><a href=\"https:\/\/expreso.co.cr\/alicia\/nuevo-analisis-de-alicia-en-el-pais-de-las-maravillas\/\">Nuevo an\u00e1lisis de Alicia en el pa\u00eds de las maravillas<\/a><\/li><li><a href=\"https:\/\/expreso.co.cr\/alicia\/revelaciones-sobre-alicia-y-su-pais-de-las-maravillas\/\">Revelaciones sobre Alicia y su pa\u00eds de las maravillas<\/a><\/li><li><a href=\"https:\/\/expreso.co.cr\/alicia\/tableros-pinterest-de-alicia\/\">Tableros Pinterest de Alicia<\/a><\/li><li><a href=\"https:\/\/expreso.co.cr\/alicia\/traduccion-poema-de-alicia\/\">Traducci\u00f3n Poema de Alicia<\/a><\/li><\/ul>\n<\/div>\n","protected":false},"excerpt":{"rendered":"<p>Traducci\u00f3n Poema de Alicia Les envi\u00f3 la traducci\u00f3n del \u00faltimo poema de Alicia, del Libro \u201cA trav\u00e9s del espejo y lo que Alicia encontr\u00f3 ah\u00ed\u201d ya que no la encuentro al final de su p\u00e1gina. Si les gusta, lo pueden&hellip; <\/p>\n","protected":false},"author":1,"featured_media":3411,"parent":0,"menu_order":0,"comment_status":"closed","ping_status":"closed","template":"","meta":{"ngg_post_thumbnail":0,"footnotes":""},"class_list":["post-3410","page","type-page","status-publish","has-post-thumbnail","hentry"],"yoast_head":"<!-- This site is optimized with the Yoast SEO plugin v27.4 - https:\/\/yoast.com\/product\/yoast-seo-wordpress\/ -->\n<title>Blog - Sitio Web de Lewis Carroll<\/title>\n<meta name=\"robots\" content=\"index, follow, max-snippet:-1, max-image-preview:large, max-video-preview:-1\" \/>\n<link rel=\"canonical\" href=\"https:\/\/expreso.co.cr\/alicia\/blog\/\" \/>\n<meta property=\"og:locale\" content=\"es_ES\" \/>\n<meta property=\"og:type\" content=\"article\" \/>\n<meta property=\"og:title\" content=\"Blog - Sitio Web de Lewis Carroll\" \/>\n<meta property=\"og:description\" content=\"Traducci\u00f3n Poema de Alicia Les envi\u00f3 la traducci\u00f3n del \u00faltimo poema de Alicia, del Libro \u201cA trav\u00e9s del espejo y lo que Alicia encontr\u00f3 ah\u00ed\u201d ya que no la encuentro al final de su p\u00e1gina. Si les gusta, lo pueden&hellip;\" \/>\n<meta property=\"og:url\" content=\"https:\/\/expreso.co.cr\/alicia\/blog\/\" \/>\n<meta property=\"og:site_name\" content=\"Sitio Web de Lewis Carroll\" \/>\n<meta property=\"article:modified_time\" content=\"2024-06-01T23:00:57+00:00\" \/>\n<meta property=\"og:image\" content=\"https:\/\/expreso.co.cr\/alicia\/wp-content\/uploads\/2024\/06\/aliciablog01.webp\" \/>\n\t<meta property=\"og:image:width\" content=\"450\" \/>\n\t<meta property=\"og:image:height\" content=\"236\" \/>\n\t<meta property=\"og:image:type\" content=\"image\/webp\" \/>\n<meta name=\"twitter:card\" content=\"summary_large_image\" \/>\n<meta name=\"twitter:label1\" content=\"Tiempo de lectura\" \/>\n\t<meta name=\"twitter:data1\" content=\"2 minutos\" \/>\n<script type=\"application\/ld+json\" class=\"yoast-schema-graph\">{\"@context\":\"https:\\\/\\\/schema.org\",\"@graph\":[{\"@type\":\"WebPage\",\"@id\":\"https:\\\/\\\/expreso.co.cr\\\/alicia\\\/blog\\\/\",\"url\":\"https:\\\/\\\/expreso.co.cr\\\/alicia\\\/blog\\\/\",\"name\":\"Blog - Sitio Web de Lewis Carroll\",\"isPartOf\":{\"@id\":\"https:\\\/\\\/expreso.co.cr\\\/alicia\\\/#website\"},\"primaryImageOfPage\":{\"@id\":\"https:\\\/\\\/expreso.co.cr\\\/alicia\\\/blog\\\/#primaryimage\"},\"image\":{\"@id\":\"https:\\\/\\\/expreso.co.cr\\\/alicia\\\/blog\\\/#primaryimage\"},\"thumbnailUrl\":\"https:\\\/\\\/expreso.co.cr\\\/alicia\\\/wp-content\\\/uploads\\\/2024\\\/06\\\/aliciablog01.webp\",\"datePublished\":\"2024-06-01T22:16:57+00:00\",\"dateModified\":\"2024-06-01T23:00:57+00:00\",\"breadcrumb\":{\"@id\":\"https:\\\/\\\/expreso.co.cr\\\/alicia\\\/blog\\\/#breadcrumb\"},\"inLanguage\":\"es\",\"potentialAction\":[{\"@type\":\"ReadAction\",\"target\":[\"https:\\\/\\\/expreso.co.cr\\\/alicia\\\/blog\\\/\"]}]},{\"@type\":\"ImageObject\",\"inLanguage\":\"es\",\"@id\":\"https:\\\/\\\/expreso.co.cr\\\/alicia\\\/blog\\\/#primaryimage\",\"url\":\"https:\\\/\\\/expreso.co.cr\\\/alicia\\\/wp-content\\\/uploads\\\/2024\\\/06\\\/aliciablog01.webp\",\"contentUrl\":\"https:\\\/\\\/expreso.co.cr\\\/alicia\\\/wp-content\\\/uploads\\\/2024\\\/06\\\/aliciablog01.webp\",\"width\":450,\"height\":236,\"caption\":\"Blog de Alicia\"},{\"@type\":\"BreadcrumbList\",\"@id\":\"https:\\\/\\\/expreso.co.cr\\\/alicia\\\/blog\\\/#breadcrumb\",\"itemListElement\":[{\"@type\":\"ListItem\",\"position\":1,\"name\":\"Portada\",\"item\":\"https:\\\/\\\/expreso.co.cr\\\/alicia\\\/\"},{\"@type\":\"ListItem\",\"position\":2,\"name\":\"Blog\"}]},{\"@type\":\"WebSite\",\"@id\":\"https:\\\/\\\/expreso.co.cr\\\/alicia\\\/#website\",\"url\":\"https:\\\/\\\/expreso.co.cr\\\/alicia\\\/\",\"name\":\"Sitio Web de Lewis Carroll\",\"description\":\"Alicia en el pa\u00eds de la maravillas y otros cuentos\",\"potentialAction\":[{\"@type\":\"SearchAction\",\"target\":{\"@type\":\"EntryPoint\",\"urlTemplate\":\"https:\\\/\\\/expreso.co.cr\\\/alicia\\\/?s={search_term_string}\"},\"query-input\":{\"@type\":\"PropertyValueSpecification\",\"valueRequired\":true,\"valueName\":\"search_term_string\"}}],\"inLanguage\":\"es\"}]}<\/script>\n<!-- \/ Yoast SEO plugin. -->","yoast_head_json":{"title":"Blog - Sitio Web de Lewis Carroll","robots":{"index":"index","follow":"follow","max-snippet":"max-snippet:-1","max-image-preview":"max-image-preview:large","max-video-preview":"max-video-preview:-1"},"canonical":"https:\/\/expreso.co.cr\/alicia\/blog\/","og_locale":"es_ES","og_type":"article","og_title":"Blog - Sitio Web de Lewis Carroll","og_description":"Traducci\u00f3n Poema de Alicia Les envi\u00f3 la traducci\u00f3n del \u00faltimo poema de Alicia, del Libro \u201cA trav\u00e9s del espejo y lo que Alicia encontr\u00f3 ah\u00ed\u201d ya que no la encuentro al final de su p\u00e1gina. Si les gusta, lo pueden&hellip;","og_url":"https:\/\/expreso.co.cr\/alicia\/blog\/","og_site_name":"Sitio Web de Lewis Carroll","article_modified_time":"2024-06-01T23:00:57+00:00","og_image":[{"width":450,"height":236,"url":"https:\/\/expreso.co.cr\/alicia\/wp-content\/uploads\/2024\/06\/aliciablog01.webp","type":"image\/webp"}],"twitter_card":"summary_large_image","twitter_misc":{"Tiempo de lectura":"2 minutos"},"schema":{"@context":"https:\/\/schema.org","@graph":[{"@type":"WebPage","@id":"https:\/\/expreso.co.cr\/alicia\/blog\/","url":"https:\/\/expreso.co.cr\/alicia\/blog\/","name":"Blog - Sitio Web de Lewis Carroll","isPartOf":{"@id":"https:\/\/expreso.co.cr\/alicia\/#website"},"primaryImageOfPage":{"@id":"https:\/\/expreso.co.cr\/alicia\/blog\/#primaryimage"},"image":{"@id":"https:\/\/expreso.co.cr\/alicia\/blog\/#primaryimage"},"thumbnailUrl":"https:\/\/expreso.co.cr\/alicia\/wp-content\/uploads\/2024\/06\/aliciablog01.webp","datePublished":"2024-06-01T22:16:57+00:00","dateModified":"2024-06-01T23:00:57+00:00","breadcrumb":{"@id":"https:\/\/expreso.co.cr\/alicia\/blog\/#breadcrumb"},"inLanguage":"es","potentialAction":[{"@type":"ReadAction","target":["https:\/\/expreso.co.cr\/alicia\/blog\/"]}]},{"@type":"ImageObject","inLanguage":"es","@id":"https:\/\/expreso.co.cr\/alicia\/blog\/#primaryimage","url":"https:\/\/expreso.co.cr\/alicia\/wp-content\/uploads\/2024\/06\/aliciablog01.webp","contentUrl":"https:\/\/expreso.co.cr\/alicia\/wp-content\/uploads\/2024\/06\/aliciablog01.webp","width":450,"height":236,"caption":"Blog de Alicia"},{"@type":"BreadcrumbList","@id":"https:\/\/expreso.co.cr\/alicia\/blog\/#breadcrumb","itemListElement":[{"@type":"ListItem","position":1,"name":"Portada","item":"https:\/\/expreso.co.cr\/alicia\/"},{"@type":"ListItem","position":2,"name":"Blog"}]},{"@type":"WebSite","@id":"https:\/\/expreso.co.cr\/alicia\/#website","url":"https:\/\/expreso.co.cr\/alicia\/","name":"Sitio Web de Lewis Carroll","description":"Alicia en el pa\u00eds de la maravillas y otros cuentos","potentialAction":[{"@type":"SearchAction","target":{"@type":"EntryPoint","urlTemplate":"https:\/\/expreso.co.cr\/alicia\/?s={search_term_string}"},"query-input":{"@type":"PropertyValueSpecification","valueRequired":true,"valueName":"search_term_string"}}],"inLanguage":"es"}]}},"_links":{"self":[{"href":"https:\/\/expreso.co.cr\/alicia\/wp-json\/wp\/v2\/pages\/3410","targetHints":{"allow":["GET"]}}],"collection":[{"href":"https:\/\/expreso.co.cr\/alicia\/wp-json\/wp\/v2\/pages"}],"about":[{"href":"https:\/\/expreso.co.cr\/alicia\/wp-json\/wp\/v2\/types\/page"}],"author":[{"embeddable":true,"href":"https:\/\/expreso.co.cr\/alicia\/wp-json\/wp\/v2\/users\/1"}],"replies":[{"embeddable":true,"href":"https:\/\/expreso.co.cr\/alicia\/wp-json\/wp\/v2\/comments?post=3410"}],"version-history":[{"count":7,"href":"https:\/\/expreso.co.cr\/alicia\/wp-json\/wp\/v2\/pages\/3410\/revisions"}],"predecessor-version":[{"id":3422,"href":"https:\/\/expreso.co.cr\/alicia\/wp-json\/wp\/v2\/pages\/3410\/revisions\/3422"}],"wp:featuredmedia":[{"embeddable":true,"href":"https:\/\/expreso.co.cr\/alicia\/wp-json\/wp\/v2\/media\/3411"}],"wp:attachment":[{"href":"https:\/\/expreso.co.cr\/alicia\/wp-json\/wp\/v2\/media?parent=3410"}],"curies":[{"name":"wp","href":"https:\/\/api.w.org\/{rel}","templated":true}]}}